{"id":19,"date":"2026-02-02T20:50:03","date_gmt":"2026-02-02T20:50:03","guid":{"rendered":"https:\/\/grillescu.de\/impressum\/"},"modified":"2026-02-26T18:54:57","modified_gmt":"2026-02-26T18:54:57","slug":"impressum","status":"publish","type":"page","link":"https:\/\/grillescu.de\/ro\/impressum\/","title":{"rendered":"Impressum"},"content":{"rendered":"<div class=\"wp-block-group alignfull is-style-ext-preset--group--natural-1--section has-background-background-color has-background is-layout-constrained wp-container-core-group-is-layout-6150fac0 wp-block-group-is-layout-constrained\" style=\"margin-top:0;margin-bottom:0;padding-top:var(--wp--preset--spacing--70);padding-bottom:var(--wp--preset--spacing--70)\">\n<p><br> <strong>Website-Betreiber:<\/strong><br><strong>Grillescu Event   &#8211;   Marius-Eugen Stanescu, Gesch\u00e4ftsf\u00fchrer <\/strong><\/p>\n\n\n\n<p> <strong>Noackstra\u00dfe 9<\/strong><br><strong>64285, Darmstadt<\/strong><\/p>\n\n\n\n<p><strong>Deutschland<\/strong><br><br> <strong>Kontaktinformationen:<\/strong><br>Telefon<strong>: +49 1577 6154912<br><\/strong> E-Mail<strong>: info@grillescu.de<br> <\/strong>Website<strong>: www.grillescu.de<br><\/strong><br> <strong>Vertretungsberechtigte Person:<\/strong><br> <strong>Stanescu Marius-Eugen<\/strong><br> <strong>Gesch\u00e4ftsf\u00fchrer<\/strong><br><br> <strong>Unternehmensregistrierung:<\/strong><\/p>\n\n\n\n<p>Steuernummer: <strong>007 871 03353<\/strong><br> Registergericht: <br> Handelsregisternummer: <br> Umsatzsteuer-ID gem\u00e4\u00df \u00a7 27a UStG:<br><br> <strong>Letzte Aktualisierung:<\/strong><\/p>\n\n\n\n<p> <strong>26.02.2026<\/strong><\/p>\n<\/div>","protected":false},"excerpt":{"rendered":"<p>Website-Betreiber:Grillescu Event &#8211; Marius-Eugen Stanescu, Gesch\u00e4ftsf\u00fchrer Noackstra\u00dfe 964285, Darmstadt Deutschland Kontaktinformationen:Telefon: +49 1577 6154912 E-Mail: info@grillescu.de Website: www.grillescu.de Vertretungsberechtigte Person: Stanescu Marius-Eugen Gesch\u00e4ftsf\u00fchrer Unternehmensregistrierung: Steuernummer: 007 871 03353 Registergericht: Handelsregisternummer: Umsatzsteuer-ID gem\u00e4\u00df \u00a7 27a UStG: Letzte Aktualisierung: 26.02.2026<\/p>","protected":false},"author":1,"featured_media":0,"parent":0,"menu_order":0,"comment_status":"closed","ping_status":"closed","template":"","meta":{"footnotes":""},"class_list":["post-19","page","type-page","status-publish","hentry"],"_links":{"self":[{"href":"https:\/\/grillescu.de\/ro\/wp-json\/wp\/v2\/pages\/19","targetHints":{"allow":["GET"]}}],"collection":[{"href":"https:\/\/grillescu.de\/ro\/wp-json\/wp\/v2\/pages"}],"about":[{"href":"https:\/\/grillescu.de\/ro\/wp-json\/wp\/v2\/types\/page"}],"author":[{"embeddable":true,"href":"https:\/\/grillescu.de\/ro\/wp-json\/wp\/v2\/users\/1"}],"replies":[{"embeddable":true,"href":"https:\/\/grillescu.de\/ro\/wp-json\/wp\/v2\/comments?post=19"}],"version-history":[{"count":37,"href":"https:\/\/grillescu.de\/ro\/wp-json\/wp\/v2\/pages\/19\/revisions"}],"predecessor-version":[{"id":229,"href":"https:\/\/grillescu.de\/ro\/wp-json\/wp\/v2\/pages\/19\/revisions\/229"}],"wp:attachment":[{"href":"https:\/\/grillescu.de\/ro\/wp-json\/wp\/v2\/media?parent=19"}],"curies":[{"name":"wp","href":"https:\/\/api.w.org\/{rel}","templated":true}]}}